{"id":79978,"date":"2023-05-14T09:48:47","date_gmt":"2023-05-14T07:48:47","guid":{"rendered":"https:\/\/www.sukrzsza.sk\/education\/school-library\/"},"modified":"2026-02-04T13:27:26","modified_gmt":"2026-02-04T12:27:26","slug":"school-library","status":"publish","type":"page","link":"https:\/\/www.sukrzsza.sk\/en\/education\/school-library\/","title":{"rendered":"School library"},"content":{"rendered":"\t\t<div data-elementor-type=\"wp-page\" data-elementor-id=\"79978\" class=\"elementor elementor-79978 elementor-79971\" data-elementor-post-type=\"page\">\n\t\t\t\t\t\t<section class=\"elementor-section elementor-top-section elementor-element elementor-element-891f007 elementor-section-boxed elementor-section-height-default elementor-section-height-default\" data-id=\"891f007\" data-element_type=\"section\" data-e-type=\"section\">\n\t\t\t\t\t\t<div class=\"elementor-container elementor-column-gap-default\">\n\t\t\t\t\t<div class=\"elementor-column elementor-col-100 elementor-top-column elementor-element elementor-element-611c052\" data-id=\"611c052\" data-element_type=\"column\" data-e-type=\"column\">\n\t\t\t<div class=\"elementor-widget-wrap elementor-element-populated\">\n\t\t\t\t\t\t<div class=\"elementor-element elementor-element-01c7ce0 elementor-widget elementor-widget-heading\" data-id=\"01c7ce0\" data-element_type=\"widget\" data-e-type=\"widget\" data-widget_type=\"heading.default\">\n\t\t\t\t<div class=\"elementor-widget-container\">\n\t\t\t\t\t<h2 class=\"elementor-heading-title elementor-size-default\">School library<\/h2>\t\t\t\t<\/div>\n\t\t\t\t<\/div>\n\t\t\t\t\t<\/div>\n\t\t<\/div>\n\t\t\t\t\t<\/div>\n\t\t<\/section>\n\t\t\t\t<section class=\"elementor-section elementor-top-section elementor-element elementor-element-bdd2d81 elementor-section-boxed elementor-section-height-default elementor-section-height-default\" data-id=\"bdd2d81\" data-element_type=\"section\" data-e-type=\"section\">\n\t\t\t\t\t\t<div class=\"elementor-container elementor-column-gap-default\">\n\t\t\t\t\t<div class=\"elementor-column elementor-col-100 elementor-top-column elementor-element elementor-element-b4bd4a7\" data-id=\"b4bd4a7\" data-element_type=\"column\" data-e-type=\"column\">\n\t\t\t<div class=\"elementor-widget-wrap elementor-element-populated\">\n\t\t\t\t\t\t<div class=\"elementor-element elementor-element-feb17d4 elementor-widget elementor-widget-text-editor\" data-id=\"feb17d4\" data-element_type=\"widget\" data-e-type=\"widget\" data-widget_type=\"text-editor.default\">\n\t\t\t\t<div class=\"elementor-widget-container\">\n\t\t\t\t\t\t\t\t\t<p><span style=\"font-weight: 400;\">  \u2728 S <strong>chool library &#8211; the living heart of our school<\/strong> \u2728<\/span><\/p><p><span style=\"font-weight: 400;\">Our school library isn&#8217;t just a place full of books &#8211; it&#8217;s <\/span><b>a living organism<\/b><span style=\"font-weight: 400;\">which is constantly changing, breathing with the school and adapting to all who enter it, but equally trying to keep up with the times, trends and the world of the young &#8211; to remain a place where the wisdom of the past meets the energy of the present. After successive changes, improvements and creative ideas, we have finally arrived at its   <\/span><b>new forms<\/b><span style=\"font-weight: 400;\"> &#8211; modern, clear and inspiring.<\/span><\/p>\t\t\t\t\t\t\t\t<\/div>\n\t\t\t\t<\/div>\n\t\t\t\t\t<\/div>\n\t\t<\/div>\n\t\t\t\t\t<\/div>\n\t\t<\/section>\n\t\t\t\t<section class=\"elementor-section elementor-top-section elementor-element elementor-element-0c8903e elementor-section-boxed elementor-section-height-default elementor-section-height-default\" data-id=\"0c8903e\" data-element_type=\"section\" data-e-type=\"section\">\n\t\t\t\t\t\t<div class=\"elementor-container elementor-column-gap-default\">\n\t\t\t\t\t<div class=\"elementor-column elementor-col-50 elementor-top-column elementor-element elementor-element-b9c03b3\" data-id=\"b9c03b3\" data-element_type=\"column\" data-e-type=\"column\">\n\t\t\t<div class=\"elementor-widget-wrap elementor-element-populated\">\n\t\t\t\t\t\t<div class=\"elementor-element elementor-element-e69d05e elementor-widget elementor-widget-image\" data-id=\"e69d05e\" data-element_type=\"widget\" data-e-type=\"widget\" data-widget_type=\"image.default\">\n\t\t\t\t<div class=\"elementor-widget-container\">\n\t\t\t\t\t\t\t\t\t\t\t\t\t\t\t\t<a href=\"https:\/\/www.sukrzsza.sk\/wp-content\/uploads\/2023\/05\/skolska-kniznica.png\" data-rel=\"lightbox-gallery-FSqENLVO\" data-rl_title=\"\" data-rl_caption=\"\" title=\"\">\n\t\t\t\t\t\t\t<img fetchpriority=\"high\" decoding=\"async\" width=\"1024\" height=\"724\" src=\"https:\/\/www.sukrzsza.sk\/wp-content\/uploads\/2023\/05\/skolska-kniznica-1024x724.png\" class=\"attachment-large size-large wp-image-79974\" alt=\"school library\" srcset=\"https:\/\/www.sukrzsza.sk\/wp-content\/uploads\/2023\/05\/skolska-kniznica-1024x724.png 1024w, https:\/\/www.sukrzsza.sk\/wp-content\/uploads\/2023\/05\/skolska-kniznica-300x212.png 300w, https:\/\/www.sukrzsza.sk\/wp-content\/uploads\/2023\/05\/skolska-kniznica.png 2000w\" sizes=\"(max-width: 1024px) 100vw, 1024px\" \/>\t\t\t\t\t\t\t\t<\/a>\n\t\t\t\t\t\t\t\t\t\t\t\t\t\t\t<\/div>\n\t\t\t\t<\/div>\n\t\t\t\t\t<\/div>\n\t\t<\/div>\n\t\t\t\t<div class=\"elementor-column elementor-col-50 elementor-top-column elementor-element elementor-element-3faa9db\" data-id=\"3faa9db\" data-element_type=\"column\" data-e-type=\"column\">\n\t\t\t<div class=\"elementor-widget-wrap elementor-element-populated\">\n\t\t\t\t\t\t<div class=\"elementor-element elementor-element-7afa6b8 elementor-widget elementor-widget-text-editor\" data-id=\"7afa6b8\" data-element_type=\"widget\" data-e-type=\"widget\" data-widget_type=\"text-editor.default\">\n\t\t\t\t<div class=\"elementor-widget-container\">\n\t\t\t\t\t\t\t\t\t<p><span style=\"font-weight: 400;\">Today the school library is a <\/span><b>place <\/b>for  <span style=\"font-weight: 400;\">pupils and teachers, who will find not only many titles, but also space for discovery, fun and relaxation. Every shelf, every shelf and every place in the library has its own meaning and its own story &#8211; a story that has taken shape gradually, with ideas, enthusiasm and the help of   <\/span><b>the most important<\/b><span style=\"font-weight: 400;\"> &#8211; <\/span><b>our pupils<\/b><span style=\"font-weight: 400;\">. Waiting for you  <\/span><b>changed layout of equipment and titles<\/b><span style=\"font-weight: 400;\">, supplemented by <\/span><b>a meaningful division of categories<\/b><span style=\"font-weight: 400;\"> with creative titles that catch the eye:<\/span><\/p>\t\t\t\t\t\t\t\t<\/div>\n\t\t\t\t<\/div>\n\t\t\t\t\t<\/div>\n\t\t<\/div>\n\t\t\t\t\t<\/div>\n\t\t<\/section>\n\t\t\t\t<section class=\"elementor-section elementor-top-section elementor-element elementor-element-7fdfac6 elementor-section-boxed elementor-section-height-default elementor-section-height-default\" data-id=\"7fdfac6\" data-element_type=\"section\" data-e-type=\"section\">\n\t\t\t\t\t\t<div class=\"elementor-container elementor-column-gap-default\">\n\t\t\t\t\t<div class=\"elementor-column elementor-col-50 elementor-top-column elementor-element elementor-element-10c7306\" data-id=\"10c7306\" data-element_type=\"column\" data-e-type=\"column\">\n\t\t\t<div class=\"elementor-widget-wrap elementor-element-populated\">\n\t\t\t\t\t\t<div class=\"elementor-element elementor-element-fead388 elementor-widget elementor-widget-text-editor\" data-id=\"fead388\" data-element_type=\"widget\" data-e-type=\"widget\" data-widget_type=\"text-editor.default\">\n\t\t\t\t<div class=\"elementor-widget-container\">\n\t\t\t\t\t\t\t\t\t<p>\ud83d\udcda  <strong>Slovak Language and Literature &#8211; The Kingdom of Words<br><span style=\"font-weight: 400;\">\ud83d\udd22 <\/span><b>Mathematics &#8211; Numerical Adventures<br>\ud83d\udcbb <\/b>Informatics &#8211; Digital World<b><br>\u26a1 Physics &#8211; The magic of science<br>\ud83e\uddea Chemistry &#8211; Discovery Lab<br>\ud83c\udf3f Biology &#8211; The living world around us<br>\ud83c\udf0d Geography &#8211; Around the world<br>\ud83c\udff0 History &#8211; Journey through time<br>\ud83c\udfb2 Activities, Games and Leisure &#8211; Fun Zone  <br>\ud83e\uddd1\u200d\ud83c\udfeb Educator&#8217;s Toolbox &#8211; Teacher&#8217;s Idea Box  <br>\ud83c\udf10 CLIL &#8211; A World in Two Languages  <br>\ud83e\udd1d Civics &#8211; ME, YOU and WE, TOGETHER we make the world  <br>\ud83d\udcab Ethics education &#8211; The way of values, The way of life  <br>\ud83d\ude4f Religious Education &#8211; Journey of Faith  <br>\ud83d\udcd6 Encyclopedia &#8211; Books full of wisdom  <br>\ud83c\udfa8 Art education &#8211; Fantasy World  <br>\ud83c\udfb5 Music education &#8211; The world of music and tones  <br>\u265f\ufe0f Board Games &#8211; Kingdom of Games  <br>\ud83e\uddda Literature for children &#8211; Fairytale World  <br>\ud83d\udcd8 Literature for older children &#8211; For our teenagers<\/b><br><br><\/strong><\/p>\t\t\t\t\t\t\t\t<\/div>\n\t\t\t\t<\/div>\n\t\t\t\t\t<\/div>\n\t\t<\/div>\n\t\t\t\t<div class=\"elementor-column elementor-col-50 elementor-top-column elementor-element elementor-element-e359e8e\" data-id=\"e359e8e\" data-element_type=\"column\" data-e-type=\"column\">\n\t\t\t<div class=\"elementor-widget-wrap elementor-element-populated\">\n\t\t\t\t\t\t<div class=\"elementor-element elementor-element-21c7906 elementor-widget elementor-widget-image\" data-id=\"21c7906\" data-element_type=\"widget\" data-e-type=\"widget\" data-widget_type=\"image.default\">\n\t\t\t\t<div class=\"elementor-widget-container\">\n\t\t\t\t\t\t\t\t\t\t\t\t\t\t\t\t<a href=\"https:\/\/www.sukrzsza.sk\/wp-content\/uploads\/2026\/01\/skolska-kniznica-Navsteva-kniznice.png\" data-rel=\"lightbox-gallery-FSqENLVO\" data-rl_title=\"\" data-rl_caption=\"\" title=\"\">\n\t\t\t\t\t\t\t<img decoding=\"async\" width=\"1024\" height=\"724\" src=\"https:\/\/www.sukrzsza.sk\/wp-content\/uploads\/2026\/01\/skolska-kniznica-Navsteva-kniznice-1024x724.png\" class=\"attachment-large size-large wp-image-110678\" alt=\"\" srcset=\"https:\/\/www.sukrzsza.sk\/wp-content\/uploads\/2026\/01\/skolska-kniznica-Navsteva-kniznice-1024x724.png 1024w, https:\/\/www.sukrzsza.sk\/wp-content\/uploads\/2026\/01\/skolska-kniznica-Navsteva-kniznice-300x212.png 300w, https:\/\/www.sukrzsza.sk\/wp-content\/uploads\/2026\/01\/skolska-kniznica-Navsteva-kniznice-1536x1086.png 1536w, https:\/\/www.sukrzsza.sk\/wp-content\/uploads\/2026\/01\/skolska-kniznica-Navsteva-kniznice.png 2000w, https:\/\/www.sukrzsza.sk\/wp-content\/uploads\/2026\/01\/skolska-kniznica-Navsteva-kniznice-150x106.png 150w\" sizes=\"(max-width: 1024px) 100vw, 1024px\" \/>\t\t\t\t\t\t\t\t<\/a>\n\t\t\t\t\t\t\t\t\t\t\t\t\t\t\t<\/div>\n\t\t\t\t<\/div>\n\t\t\t\t\t<\/div>\n\t\t<\/div>\n\t\t\t\t\t<\/div>\n\t\t<\/section>\n\t\t\t\t<section class=\"elementor-section elementor-top-section elementor-element elementor-element-cf506b8 elementor-section-boxed elementor-section-height-default elementor-section-height-default\" data-id=\"cf506b8\" data-element_type=\"section\" data-e-type=\"section\">\n\t\t\t\t\t\t<div class=\"elementor-container elementor-column-gap-default\">\n\t\t\t\t\t<div class=\"elementor-column elementor-col-100 elementor-top-column elementor-element elementor-element-9fdc896\" data-id=\"9fdc896\" data-element_type=\"column\" data-e-type=\"column\">\n\t\t\t<div class=\"elementor-widget-wrap elementor-element-populated\">\n\t\t\t\t\t\t<div class=\"elementor-element elementor-element-5f922d1 elementor-widget elementor-widget-text-editor\" data-id=\"5f922d1\" data-element_type=\"widget\" data-e-type=\"widget\" data-widget_type=\"text-editor.default\">\n\t\t\t\t<div class=\"elementor-widget-container\">\n\t\t\t\t\t\t\t\t\t<p>The library is not just a place to &#8220;go for books&#8221; &#8211; it is a <b>place to create, discover, think and be inspired.<\/b> Gradually, we plan to make it available as a leisure space during breaks, where pupils can relax, browse through a favourite book or play a board game. And, of course, we will continue to strive to continually improve our school library to make it more and more beneficial and interesting for our pupils. <\/p>\t\t\t\t\t\t\t\t<\/div>\n\t\t\t\t<\/div>\n\t\t\t\t<div class=\"elementor-element elementor-element-cbd0ec3 elementor-widget elementor-widget-text-editor\" data-id=\"cbd0ec3\" data-element_type=\"widget\" data-e-type=\"widget\" data-widget_type=\"text-editor.default\">\n\t\t\t\t<div class=\"elementor-widget-container\">\n\t\t\t\t\t\t\t\t\t<p>We look forward to your visit and hope that you will find <b>something for your mind, soul and heart<\/b> in our library <b>.<\/b> <img decoding=\"async\" class=\"emoji\" role=\"img\" draggable=\"false\" src=\"https:\/\/s.w.org\/images\/core\/emoji\/17.0.2\/svg\/1f49b.svg\" alt=\"\ud83d\udc9b\"><img decoding=\"async\" class=\"emoji\" role=\"img\" draggable=\"false\" src=\"https:\/\/s.w.org\/images\/core\/emoji\/17.0.2\/svg\/1f4da.svg\" alt=\"\ud83d\udcda\"> And if you want to find out what titles are waiting for you, <b>take a look at our online photo-catalogue<\/b> &#8211; you can find it at the <b>link above<\/b>.  <img decoding=\"async\" class=\"emoji\" role=\"img\" draggable=\"false\" src=\"https:\/\/s.w.org\/images\/core\/emoji\/17.0.2\/svg\/1f310.svg\" alt=\"\ud83c\udf10\"><img decoding=\"async\" class=\"emoji\" role=\"img\" draggable=\"false\" src=\"https:\/\/s.w.org\/images\/core\/emoji\/17.0.2\/svg\/1f4d6.svg\" alt=\"\ud83d\udcd6\"><\/p><p><a href=\"https:\/\/heyzine.com\/flip-book\/48679b15e4.html\" target=\"_blank\" rel=\"noopener\"><strong>Online photo-catalogue<\/strong><\/a><\/p>\t\t\t\t\t\t\t\t<\/div>\n\t\t\t\t<\/div>\n\t\t\t\t<div class=\"elementor-element elementor-element-3ab9010 elementor-widget elementor-widget-text-editor\" data-id=\"3ab9010\" data-element_type=\"widget\" data-e-type=\"widget\" data-widget_type=\"text-editor.default\">\n\t\t\t\t<div class=\"elementor-widget-container\">\n\t\t\t\t\t\t\t\t\t<p>Navigating the <strong>online photo catalogue<\/strong> is intuitive &#8211; after clicking on a category, the catalogue redirects you to a page with individual library titles in that category. You can move between pages either with a simple swipe (on smartphones) or by using the mouse wheel on your computer\/laptop, or by simply clicking on the arrow to go to the other page. To return to the home page, just click on our <strong>Bookworm<\/strong> sitting on the red booklet \ud83d\ude42   <\/p>\t\t\t\t\t\t\t\t<\/div>\n\t\t\t\t<\/div>\n\t\t\t\t<div class=\"elementor-element elementor-element-9366b7e elementor-widget elementor-widget-text-editor\" data-id=\"9366b7e\" data-element_type=\"widget\" data-e-type=\"widget\" data-widget_type=\"text-editor.default\">\n\t\t\t\t<div class=\"elementor-widget-container\">\n\t\t\t\t\t\t\t\t\t<p><strong>Mgr. D\u00e1vid Il\u010d\u00edk &#8211; school librarian<\/strong><\/p>\t\t\t\t\t\t\t\t<\/div>\n\t\t\t\t<\/div>\n\t\t\t\t\t<\/div>\n\t\t<\/div>\n\t\t\t\t\t<\/div>\n\t\t<\/section>\n\t\t\t\t<\/div>\n\t\t","protected":false},"excerpt":{"rendered":"<p>School library \u2728 S chool library &#8211; the living heart of our school \u2728 Our school library isn&#8217;t just a place full of books &#8211; it&#8217;s a living organismwhich is constantly changing, breathing with the school and adapting to all who enter it, but equally&nbsp;<a href=\"https:\/\/www.sukrzsza.sk\/en\/education\/school-library\/\">&hellip;<\/a><\/p>\n","protected":false},"author":1,"featured_media":0,"parent":41275,"menu_order":0,"comment_status":"closed","ping_status":"closed","template":"","meta":{"_seopress_robots_primary_cat":"","_seopress_titles_title":"","_seopress_titles_desc":"","_seopress_robots_index":"","rs_blank_template":"","rs_page_bg_color":"","slide_template_v7":"","footnotes":""},"class_list":["post-79978","page","type-page","status-publish","hentry","odd"],"_links":{"self":[{"href":"https:\/\/www.sukrzsza.sk\/en\/wp-json\/wp\/v2\/pages\/79978","targetHints":{"allow":["GET"]}}],"collection":[{"href":"https:\/\/www.sukrzsza.sk\/en\/wp-json\/wp\/v2\/pages"}],"about":[{"href":"https:\/\/www.sukrzsza.sk\/en\/wp-json\/wp\/v2\/types\/page"}],"author":[{"embeddable":true,"href":"https:\/\/www.sukrzsza.sk\/en\/wp-json\/wp\/v2\/users\/1"}],"replies":[{"embeddable":true,"href":"https:\/\/www.sukrzsza.sk\/en\/wp-json\/wp\/v2\/comments?post=79978"}],"version-history":[{"count":0,"href":"https:\/\/www.sukrzsza.sk\/en\/wp-json\/wp\/v2\/pages\/79978\/revisions"}],"up":[{"embeddable":true,"href":"https:\/\/www.sukrzsza.sk\/en\/wp-json\/wp\/v2\/pages\/41275"}],"wp:attachment":[{"href":"https:\/\/www.sukrzsza.sk\/en\/wp-json\/wp\/v2\/media?parent=79978"}],"curies":[{"name":"wp","href":"https:\/\/api.w.org\/{rel}","templated":true}]}}