{"id":41282,"date":"2023-03-15T15:40:27","date_gmt":"2023-03-15T14:40:27","guid":{"rendered":"https:\/\/www.sukrzsza.sk\/state-educational-programme-for-lower-secondary-education\/"},"modified":"2023-10-01T12:34:42","modified_gmt":"2023-10-01T10:34:42","slug":"state-educational-programme-for-lower-secondary-education","status":"publish","type":"page","link":"https:\/\/www.sukrzsza.sk\/en\/school\/school-education-programme\/state-educational-programme-for-lower-secondary-education\/","title":{"rendered":"State educational programme for lower secondary education"},"content":{"rendered":"<h2>Curriculum for 5. &#8211; 9. grade<\/h2>\n<div id=\"footable_parent_82266\"\n         class=\" footable_parent ninja_table_wrapper loading_ninja_table wp_table_data_press_parent semantic_ui \">\n                <table data-ninja_table_instance=\"ninja_table_instance_0\" data-footable_id=\"82266\" data-filter-delay=\"1000\" aria-label=\"\u0160VP, u\u010debn\u00e9 osnovy 5.-9. ro\u010dn\u00edk\"            id=\"footable_82266\"\n           data-unique_identifier=\"ninja_table_unique_id_3779856624_82266\"\n           class=\" foo-table ninja_footable foo_table_82266 ninja_table_unique_id_3779856624_82266 ui table  ninja_search_right nt_type_legacy_table selectable striped vertical_centered  footable-paging-right ninja_table_search_disabled ninja_table_pro\">\n                <colgroup>\n                            <col class=\"ninja_column_0 \">\n                            <col class=\"ninja_column_1 \">\n                            <col class=\"ninja_column_2 \">\n                            <col class=\"ninja_column_3 \">\n                            <col class=\"ninja_column_4 \">\n                            <col class=\"ninja_column_5 \">\n                            <col class=\"ninja_column_6 \">\n                    <\/colgroup>\n        <thead>\n<tr class=\"footable-header\">\n                                                                                                                        <th scope=\"col\"  class=\"ninja_column_0 ninja_clmn_nm_vzdelvaciaoblas \">Vzdel\u00e1vacia oblas\u0165<\/th><th scope=\"col\"  class=\"ninja_column_1 ninja_clmn_nm_vyuovacpredmet \">Vyu\u010dovac\u00ed predmet<\/th><th scope=\"col\"  class=\"ninja_column_2 ninja_clmn_nm_5ronk \">5. ro\u010dn\u00edk<\/th><th scope=\"col\"  class=\"ninja_column_3 ninja_clmn_nm_6ronk \">6. ro\u010dn\u00edk<\/th><th scope=\"col\"  class=\"ninja_column_4 ninja_clmn_nm_7ronk \">7. ro\u010dn\u00edk<\/th><th scope=\"col\"  class=\"ninja_column_5 ninja_clmn_nm_8ronk \">8. ro\u010dn\u00edk<\/th><th scope=\"col\"  class=\"ninja_column_6 ninja_clmn_nm_9ronk \">9. ro\u010dn\u00edk<\/th><\/tr>\n<\/thead>\n<tbody>\n\n        <tr data-row_id=\"285\" class=\"ninja_table_row_0 nt_row_id_285\">\n            <td>Jazyk a komunik\u00e1cia<\/td><td><div class=\"softmerge-inner\" style=\"width:97px;left:-1px\">Slovensk\u00fd jazyk a literat\u00fara<\/div><\/td><td><div class=\"softmerge-inner\" style=\"width:97px;left:-1px\"><a target=\"_blank\" href=\"https:\/\/www.sukrzsza.sk\/wp-content\/uploads\/2024\/04\/ucebne-osnovy-SJL-5.-rocnik.doc\" rel=\"noopener\">u\u010debn\u00e9 osnovy<\/a><\/div><\/td><td><div class=\"softmerge-inner\" style=\"width:97px;left:-1px\"><a target=\"_blank\" href=\"https:\/\/www.sukrzsza.sk\/wp-content\/uploads\/2024\/04\/ucebne-osnovy-SJL-6.-rocnik.doc\" rel=\"noopener\">u\u010debn\u00e9 osnovy<\/a><\/div><\/td><td><div class=\"softmerge-inner\" style=\"width:97px;left:-1px\"><a target=\"_blank\" href=\"https:\/\/www.sukrzsza.sk\/docs\/isced2\/UO_SJL_7.doc\" rel=\"noopener\">u\u010debn\u00e9 osnovy<\/a><\/div><\/td><td><div class=\"softmerge-inner\" style=\"width:97px;left:-1px\"><a target=\"_blank\" href=\"https:\/\/www.sukrzsza.sk\/docs\/isced2\/UO_SJL_8.doc\" rel=\"noopener\">u\u010debn\u00e9 osnovy<\/a><\/div><\/td><td><a target=\"_blank\" href=\"https:\/\/www.sukrzsza.sk\/docs\/isced2\/UO_SJL_9.doc\" rel=\"noopener\">u\u010debn\u00e9 osnovy<\/a><\/td>        <\/tr>\n            <tr data-row_id=\"286\" class=\"ninja_table_row_1 nt_row_id_286\">\n            <td><\/td><td>Anglick\u00fd jazyk<\/td><td><div class=\"softmerge-inner\" style=\"width:97px;left:-1px\"><a target=\"_blank\" href=\"https:\/\/www.sukrzsza.sk\/docs\/isced2\/UO_ANJ_5.docx\" rel=\"noopener\">u\u010debn\u00e9 osnovy<\/a><\/div><\/td><td><div class=\"softmerge-inner\" style=\"width:97px;left:-1px\"><a target=\"_blank\" href=\"https:\/\/www.sukrzsza.sk\/docs\/isced2\/UO_ANJ_6.docx\" rel=\"noopener\">u\u010debn\u00e9 osnovy<\/a><\/div><\/td><td><div class=\"softmerge-inner\" style=\"width:97px;left:-1px\"><a target=\"_blank\" href=\"https:\/\/www.sukrzsza.sk\/docs\/isced2\/UO_ANJ_7.docx\" rel=\"noopener\">u\u010debn\u00e9 osnovy<\/a><\/div><\/td><td><div class=\"softmerge-inner\" style=\"width:97px;left:-1px\"><a target=\"_blank\" href=\"https:\/\/www.sukrzsza.sk\/wp-content\/uploads\/2024\/09\/UO-ANJ-8-new-2425.docx\" rel=\"noopener\">u\u010debn\u00e9 osnovy<\/a><\/div><\/td><td><a target=\"_blank\" href=\"https:\/\/www.sukrzsza.sk\/wp-content\/uploads\/2024\/09\/UO-ANJ-9-new-2425.docx\" rel=\"noopener\">u\u010debn\u00e9 osnovy<\/a><\/td>        <\/tr>\n            <tr data-row_id=\"287\" class=\"ninja_table_row_2 nt_row_id_287\">\n            <td><\/td><td>Nemeck\u00fd jazyk<\/td><td><div class=\"softmerge-inner\" style=\"width:97px;left:-1px\"><a target=\"_blank\" href=\"https:\/\/www.sukrzsza.sk\/docs\/isced2\/UO_NEJ_5.doc\" rel=\"noopener\">u\u010debn\u00e9 osnovy<\/a><\/div><\/td><td><div class=\"softmerge-inner\" style=\"width:97px;left:-1px\"><a target=\"_blank\" href=\"https:\/\/www.sukrzsza.sk\/docs\/isced2\/UO_NEJ_6.docx\" rel=\"noopener\">u\u010debn\u00e9 osnovy<\/a><\/div><\/td><td><div class=\"softmerge-inner\" style=\"width:97px;left:-1px\"><a target=\"_blank\" href=\"https:\/\/www.sukrzsza.sk\/docs\/isced2\/UO_NEJ_7.docx\" rel=\"noopener\">u\u010debn\u00e9 osnovy<\/a><\/div><\/td><td><div class=\"softmerge-inner\" style=\"width:97px;left:-1px\"><a target=\"_blank\" href=\"https:\/\/www.sukrzsza.sk\/docs\/isced2\/UO_NEJ_8.docx\" rel=\"noopener\">u\u010debn\u00e9 osnovy<\/a><\/div><\/td><td><a target=\"_blank\" href=\"https:\/\/www.sukrzsza.sk\/docs\/isced2\/UO_NEJ_9.docx\" rel=\"noopener\">u\u010debn\u00e9 osnovy<\/a><\/td>        <\/tr>\n            <tr data-row_id=\"289\" class=\"ninja_table_row_3 nt_row_id_289\">\n            <td><\/td><td>Rusk\u00fd jazyk<\/td><td><div class=\"softmerge-inner\" style=\"width:97px;left:-1px\"><a target=\"_blank\" href=\"https:\/\/www.sukrzsza.sk\/docs\/isced2\/UO_RUJ_5.doc\" rel=\"noopener\">u\u010debn\u00e9 osnovy<\/a><\/div><\/td><td><div class=\"softmerge-inner\" style=\"width:97px;left:-1px\"><a target=\"_blank\" href=\"https:\/\/www.sukrzsza.sk\/docs\/isced2\/UO_RUJ_6.doc\" rel=\"noopener\">u\u010debn\u00e9 osnovy<\/a><\/div><\/td><td><div class=\"softmerge-inner\" style=\"width:97px;left:-1px\"><a target=\"_blank\" href=\"https:\/\/www.sukrzsza.sk\/wp-content\/uploads\/2023\/12\/uo-ruj-7-dec23.doc\" rel=\"noopener\">u\u010debn\u00e9 osnovy<\/a><\/div><\/td><td><div class=\"softmerge-inner\" style=\"width:97px;left:-1px\"><a target=\"_blank\" href=\"https:\/\/www.sukrzsza.sk\/wp-content\/uploads\/2024\/09\/UO-RUJ-8.doc\" rel=\"noopener\">u\u010debn\u00e9 osnovy<\/a><\/div><\/td><td><div class=\"softmerge-inner\" style=\"width:97px;left:-1px\"><a target=\"_blank\" href=\"https:\/\/www.sukrzsza.sk\/wp-content\/uploads\/2025\/10\/UO-RUJ-9-UO-RUJ-9-UO-RUJ-9-UO-RUJ-9.doc\" rel=\"noopener\">u\u010debn\u00e9 osnovy<\/a><\/div><\/td>        <\/tr>\n            <tr data-row_id=\"288\" class=\"ninja_table_row_4 nt_row_id_288\">\n            <td><\/td><td><div class=\"softmerge-inner\" style=\"width:97px;left:-1px\">\u0160panielsky jazyk<\/div><\/td><td><div class=\"softmerge-inner\" style=\"width:97px;left:-1px\"><a target=\"_blank\" href=\"https:\/\/www.sukrzsza.sk\/wp-content\/uploads\/2025\/09\/UO-SJA-5-UO-SJA-5.doc\" rel=\"noopener\">u\u010debn\u00e9 osnovy<\/a><\/div><\/td><td><div class=\"softmerge-inner\" style=\"width:97px;left:-1px\"><a target=\"_blank\" href=\"https:\/\/www.sukrzsza.sk\/docs\/isced2\/UO_SJA_6.docx\" rel=\"noopener\">u\u010debn\u00e9 osnovy<\/a><\/div><\/td><td><div class=\"softmerge-inner\" style=\"width:97px;left:-1px\"><a target=\"_blank\" href=\"https:\/\/www.sukrzsza.sk\/docs\/isced2\/UO_SJA_7.docx\" rel=\"noopener\">u\u010debn\u00e9 osnovy<\/a><\/div><\/td><td><div class=\"softmerge-inner\" style=\"width:97px;left:-1px\"><a target=\"_blank\" href=\"https:\/\/www.sukrzsza.sk\/docs\/isced2\/UO_SJA_8.doc\" rel=\"noopener\">u\u010debn\u00e9 osnovy<\/a><\/div><\/td><td><a target=\"_blank\" href=\"https:\/\/www.sukrzsza.sk\/docs\/isced2\/UO_SJA_9.doc\" rel=\"noopener\">u\u010debn\u00e9 osnovy<\/a><\/td>        <\/tr>\n            <tr data-row_id=\"290\" class=\"ninja_table_row_5 nt_row_id_290\">\n            <td><\/td><td><div class=\"softmerge-inner\" style=\"width:97px;left:-1px\">Konverz\u00e1cia v anglickom jazyku<\/div><\/td><td><div class=\"softmerge-inner\" style=\"width:97px;left:-1px\"><a target=\"_blank\" href=\"https:\/\/www.sukrzsza.sk\/docs\/isced2\/UO_KAJ_5.doc\" rel=\"noopener\">u\u010debn\u00e9 osnovy<\/a><\/div><\/td><td><div class=\"softmerge-inner\" style=\"width:97px;left:-1px\"><a target=\"_blank\" href=\"https:\/\/www.sukrzsza.sk\/docs\/isced2\/UO_KAJ_6.docx\" rel=\"noopener\">u\u010debn\u00e9 osnovy<\/a><\/div><\/td><td><div class=\"softmerge-inner\" style=\"width:97px;left:-1px\"><a target=\"_blank\" href=\"https:\/\/www.sukrzsza.sk\/docs\/isced2\/UO_KAJ_7.docx\" rel=\"noopener\">u\u010debn\u00e9 osnovy<\/a><\/div><\/td><td><div class=\"softmerge-inner\" style=\"width:97px;left:-1px\"><a target=\"_blank\" href=\"https:\/\/www.sukrzsza.sk\/docs\/isced2\/UO_KAJ_8.docx\" rel=\"noopener\">u\u010debn\u00e9 osnovy<\/a><\/div><\/td><td><a target=\"_blank\" href=\"https:\/\/www.sukrzsza.sk\/docs\/isced2\/UO_KAJ_9.docx\" rel=\"noopener\">u\u010debn\u00e9 osnovy<\/a><\/td>        <\/tr>\n            <tr data-row_id=\"291\" class=\"ninja_table_row_6 nt_row_id_291\">\n            <td>Matematika a pr\u00e1ca s inform\u00e1ciami\n<\/td><td>Matematika<\/td><td><div class=\"softmerge-inner\" style=\"width:97px;left:-1px\"><a target=\"_blank\" href=\"https:\/\/www.sukrzsza.sk\/docs\/isced2\/UO_MAT_5.docx\" rel=\"noopener\">u\u010debn\u00e9 osnovy<\/a><\/div><\/td><td><div class=\"softmerge-inner\" style=\"width:97px;left:-1px\"><a target=\"_blank\" href=\"https:\/\/www.sukrzsza.sk\/docs\/isced2\/UO_MAT_6.docx\" rel=\"noopener\">u\u010debn\u00e9 osnovy<\/a><\/div><\/td><td><div class=\"softmerge-inner\" style=\"width:97px;left:-1px\"><a target=\"_blank\" href=\"https:\/\/www.sukrzsza.sk\/docs\/isced2\/UO_MAT_7.docx\" rel=\"noopener\">u\u010debn\u00e9 osnovy<\/a><\/div><\/td><td><div class=\"softmerge-inner\" style=\"width:97px;left:-1px\"><a target=\"_blank\" href=\"https:\/\/www.sukrzsza.sk\/docs\/isced2\/UO_MAT_8.docx\" rel=\"noopener\">u\u010debn\u00e9 osnovy<\/a><\/div><\/td><td><a target=\"_blank\" href=\"https:\/\/www.sukrzsza.sk\/docs\/isced2\/UO_MAT_9.docx\" rel=\"noopener\">u\u010debn\u00e9 osnovy<\/a><\/td>        <\/tr>\n            <tr data-row_id=\"292\" class=\"ninja_table_row_7 nt_row_id_292\">\n            <td><\/td><td>Informatika<\/td><td><div class=\"softmerge-inner\" style=\"width:97px;left:-1px\"><a target=\"_blank\" href=\"https:\/\/www.sukrzsza.sk\/docs\/isced2\/UO_INF_5.doc\" rel=\"noopener\">u\u010debn\u00e9 osnovy<\/a><\/div><\/td><td><div class=\"softmerge-inner\" style=\"width:97px;left:-1px\"><a target=\"_blank\" href=\"https:\/\/www.sukrzsza.sk\/docs\/isced2\/UO_INF_6.docx\" rel=\"noopener\">u\u010debn\u00e9 osnovy<\/a><\/div><\/td><td><div class=\"softmerge-inner\" style=\"width:97px;left:-1px\"><a target=\"_blank\" href=\"https:\/\/www.sukrzsza.sk\/wp-content\/uploads\/2024\/06\/UO-INF-7.doc\" rel=\"noopener\">u\u010debn\u00e9 osnovy<\/a><\/div><\/td><td><div class=\"softmerge-inner\" style=\"width:97px;left:-1px\"><a target=\"_blank\" href=\"https:\/\/www.sukrzsza.sk\/docs\/isced2\/UO_INF_8.doc\" rel=\"noopener\">u\u010debn\u00e9 osnovy<\/a><\/div><\/td><td><a target=\"_blank\" href=\"https:\/\/www.sukrzsza.sk\/docs\/isced2\/UO_INF_9.doc\" rel=\"noopener\">u\u010debn\u00e9 osnovy<\/a><\/td>        <\/tr>\n            <tr data-row_id=\"293\" class=\"ninja_table_row_8 nt_row_id_293\">\n            <td>\u010clovek a pr\u00edroda<\/td><td>Fyzika<\/td><td>\u2013<\/td><td><div class=\"softmerge-inner\" style=\"width:97px;left:-1px\"><a target=\"_blank\" href=\"https:\/\/www.sukrzsza.sk\/docs\/isced2\/UO_FYZ_6.docx\" rel=\"noopener\">u\u010debn\u00e9 osnovy<\/a><\/div><\/td><td><div class=\"softmerge-inner\" style=\"width:97px;left:-1px\"><a target=\"_blank\" href=\"https:\/\/www.sukrzsza.sk\/docs\/isced2\/UO_FYZ_7.docx\" rel=\"noopener\">u\u010debn\u00e9 osnovy<\/a><\/div><\/td><td><div class=\"softmerge-inner\" style=\"width:97px;left:-1px\"><a target=\"_blank\" href=\"https:\/\/www.sukrzsza.sk\/docs\/isced2\/UO_FYZ_8.docx\" rel=\"noopener\">u\u010debn\u00e9 osnovy<\/a><\/div><\/td><td><a target=\"_blank\" href=\"https:\/\/www.sukrzsza.sk\/docs\/isced2\/UO_FYZ_9.docx\" rel=\"noopener\">u\u010debn\u00e9 osnovy<\/a><\/td>        <\/tr>\n            <tr data-row_id=\"294\" class=\"ninja_table_row_9 nt_row_id_294\">\n            <td><\/td><td>Ch\u00e9mia<\/td><td>\u2013<\/td><td>\u2013<\/td><td><div class=\"softmerge-inner\" style=\"width:97px;left:-1px\"><a target=\"_blank\" href=\"https:\/\/www.sukrzsza.sk\/docs\/isced2\/UO_CHE_7.docx\" rel=\"noopener\">u\u010debn\u00e9 osnovy<\/a><\/div><\/td><td><div class=\"softmerge-inner\" style=\"width:97px;left:-1px\"><a target=\"_blank\" href=\"https:\/\/www.sukrzsza.sk\/docs\/isced2\/UO_CHE_8.docx\" rel=\"noopener\">u\u010debn\u00e9 osnovy<\/a><\/div><\/td><td><a target=\"_blank\" href=\"https:\/\/www.sukrzsza.sk\/docs\/isced2\/UO_CHE_9.doc\" rel=\"noopener\">u\u010debn\u00e9 osnovy<\/a><\/td>        <\/tr>\n            <tr data-row_id=\"295\" class=\"ninja_table_row_10 nt_row_id_295\">\n            <td><\/td><td>Biol\u00f3gia<\/td><td><div class=\"softmerge-inner\" style=\"width:97px;left:-1px\"><a target=\"_blank\" href=\"https:\/\/www.sukrzsza.sk\/docs\/isced2\/UO_BIO_5.docx\" rel=\"noopener\">u\u010debn\u00e9 osnovy<\/a><\/div><\/td><td><div class=\"softmerge-inner\" style=\"width:97px;left:-1px\"><a target=\"_blank\" href=\"https:\/\/www.sukrzsza.sk\/docs\/isced2\/UO_BIO_6.docx\" rel=\"noopener\">u\u010debn\u00e9 osnovy<\/a><\/div><\/td><td><div class=\"softmerge-inner\" style=\"width:97px;left:-1px\"><a target=\"_blank\" href=\"https:\/\/www.sukrzsza.sk\/docs\/isced2\/UO_BIO_7.docx\" rel=\"noopener\">u\u010debn\u00e9 osnovy<\/a><\/div><\/td><td><div class=\"softmerge-inner\" style=\"width:97px;left:-1px\"><a target=\"_blank\" href=\"https:\/\/www.sukrzsza.sk\/docs\/isced2\/UO_BIO_8.docx\" rel=\"noopener\">u\u010debn\u00e9 osnovy<\/a><\/div><\/td><td><a target=\"_blank\" href=\"https:\/\/www.sukrzsza.sk\/docs\/isced2\/UO_BIO_9.docx\" rel=\"noopener\">u\u010debn\u00e9 osnovy<\/a><\/td>        <\/tr>\n            <tr data-row_id=\"296\" class=\"ninja_table_row_11 nt_row_id_296\">\n            <td>\u010clovek a spolo\u010dnos\u0165<\/td><td>Dejepis<\/td><td><div class=\"softmerge-inner\" style=\"width:97px;left:-1px\"><a target=\"_blank\" href=\"https:\/\/www.sukrzsza.sk\/docs\/isced2\/UO_DEJ_5.doc\" rel=\"noopener\">u\u010debn\u00e9 osnovy<\/a><\/div><\/td><td><div class=\"softmerge-inner\" style=\"width:97px;left:-1px\"><a target=\"_blank\" href=\"https:\/\/www.sukrzsza.sk\/docs\/isced2\/UO_DEJ_6.doc\" rel=\"noopener\">u\u010debn\u00e9 osnovy<\/a><\/div><\/td><td><div class=\"softmerge-inner\" style=\"width:97px;left:-1px\"><a target=\"_blank\" href=\"https:\/\/www.sukrzsza.sk\/docs\/isced2\/UO_DEJ_7.doc\" rel=\"noopener\">u\u010debn\u00e9 osnovy<\/a><\/div><\/td><td><div class=\"softmerge-inner\" style=\"width:97px;left:-1px\"><a target=\"_blank\" href=\"https:\/\/www.sukrzsza.sk\/docs\/isced2\/UO_DEJ_8.doc\" rel=\"noopener\">u\u010debn\u00e9 osnovy<\/a><\/div><\/td><td><a target=\"_blank\" href=\"https:\/\/www.sukrzsza.sk\/docs\/isced2\/UO_DEJ_9.docx\" rel=\"noopener\">u\u010debn\u00e9 osnovy<\/a><\/td>        <\/tr>\n            <tr data-row_id=\"297\" class=\"ninja_table_row_12 nt_row_id_297\">\n            <td><\/td><td>Geografia<\/td><td><div class=\"softmerge-inner\" style=\"width:97px;left:-1px\"><a target=\"_blank\" href=\"https:\/\/www.sukrzsza.sk\/docs\/isced2\/UO_GEG_5.docx\" rel=\"noopener\">u\u010debn\u00e9 osnovy<\/a><\/div><\/td><td><div class=\"softmerge-inner\" style=\"width:97px;left:-1px\"><a target=\"_blank\" href=\"https:\/\/www.sukrzsza.sk\/docs\/isced2\/UO_GEG_6.docx\" rel=\"noopener\">u\u010debn\u00e9 osnovy<\/a><\/div><\/td><td><div class=\"softmerge-inner\" style=\"width:97px;left:-1px\"><a target=\"_blank\" href=\"https:\/\/www.sukrzsza.sk\/docs\/isced2\/UO_GEG_7.docx\" rel=\"noopener\">u\u010debn\u00e9 osnovy<\/a><\/div><\/td><td><div class=\"softmerge-inner\" style=\"width:97px;left:-1px\"><a target=\"_blank\" href=\"https:\/\/www.sukrzsza.sk\/docs\/isced2\/UO_GEG_8.docx\" rel=\"noopener\">u\u010debn\u00e9 osnovy<\/a><\/div><\/td><td><a target=\"_blank\" href=\"https:\/\/www.sukrzsza.sk\/docs\/isced2\/UO_GEG_9.docx\" rel=\"noopener\">u\u010debn\u00e9 osnovy<\/a><\/td>        <\/tr>\n            <tr data-row_id=\"298\" class=\"ninja_table_row_13 nt_row_id_298\">\n            <td><\/td><td><div class=\"softmerge-inner\" style=\"width:97px;left:-1px\">Ob\u010dianska n\u00e1uka<\/div><\/td><td>\u2013<\/td><td><div class=\"softmerge-inner\" style=\"width:97px;left:-1px\"><a target=\"_blank\" href=\"https:\/\/www.sukrzsza.sk\/docs\/isced2\/UO_OBN_6.doc\" rel=\"noopener\">u\u010debn\u00e9 osnovy<\/a><\/div><\/td><td><div class=\"softmerge-inner\" style=\"width:97px;left:-1px\"><a target=\"_blank\" href=\"https:\/\/www.sukrzsza.sk\/docs\/isced2\/UO_OBN_7.doc\" rel=\"noopener\">u\u010debn\u00e9 osnovy<\/a><\/div><\/td><td><div class=\"softmerge-inner\" style=\"width:97px;left:-1px\"><a target=\"_blank\" href=\"https:\/\/www.sukrzsza.sk\/docs\/isced2\/UO_OBN_8.doc\" rel=\"noopener\">u\u010debn\u00e9 osnovy<\/a><\/div><\/td><td><a target=\"_blank\" href=\"https:\/\/www.sukrzsza.sk\/docs\/isced2\/UO_OBN_9.doc\" rel=\"noopener\">u\u010debn\u00e9 osnovy<\/a><\/td>        <\/tr>\n            <tr data-row_id=\"299\" class=\"ninja_table_row_14 nt_row_id_299\">\n            <td>\u010clovek a hodnoty<\/td><td>Etick\u00e1 v\u00fdchova<\/td><td><div class=\"softmerge-inner\" style=\"width:97px;left:-1px\"><a target=\"_blank\" href=\"https:\/\/www.sukrzsza.sk\/docs\/isced2\/UO_ETV_5.doc\" rel=\"noopener\">u\u010debn\u00e9 osnovy<\/a><\/div><\/td><td><div class=\"softmerge-inner\" style=\"width:97px;left:-1px\"><a target=\"_blank\" href=\"https:\/\/www.sukrzsza.sk\/docs\/isced2\/UO_ETV_6.doc\" rel=\"noopener\">u\u010debn\u00e9 osnovy<\/a><\/div><\/td><td><div class=\"softmerge-inner\" style=\"width:97px;left:-1px\"><a target=\"_blank\" href=\"https:\/\/www.sukrzsza.sk\/docs\/isced2\/UO_ETV_7.doc\" rel=\"noopener\">u\u010debn\u00e9 osnovy<\/a><\/div><\/td><td><div class=\"softmerge-inner\" style=\"width:97px;left:-1px\"><a target=\"_blank\" href=\"https:\/\/www.sukrzsza.sk\/docs\/isced2\/UO_ETV_8.doc\" rel=\"noopener\">u\u010debn\u00e9 osnovy<\/a><\/div><\/td><td><a target=\"_blank\" href=\"https:\/\/www.sukrzsza.sk\/docs\/isced2\/UO_ETV_9.doc\" rel=\"noopener\">u\u010debn\u00e9 osnovy<\/a><\/td>        <\/tr>\n            <tr data-row_id=\"300\" class=\"ninja_table_row_15 nt_row_id_300\">\n            <td><\/td><td><div class=\"softmerge-inner\" style=\"width:97px;left:-1px\">N\u00e1bo\u017eensk\u00e1 v\u00fdchova<\/div><\/td><td><div class=\"softmerge-inner\" style=\"width:97px;left:-1px\"><a target=\"_blank\" href=\"https:\/\/www.sukrzsza.sk\/docs\/isced2\/UO_NBV_5.doc\" rel=\"noopener\">u\u010debn\u00e9 osnovy<\/a><\/div><\/td><td><div class=\"softmerge-inner\" style=\"width:97px;left:-1px\"><a target=\"_blank\" href=\"https:\/\/www.sukrzsza.sk\/docs\/isced2\/UO_NBV_6.doc\" rel=\"noopener\">u\u010debn\u00e9 osnovy<\/a><\/div><\/td><td><div class=\"softmerge-inner\" style=\"width:97px;left:-1px\"><a target=\"_blank\" href=\"https:\/\/www.sukrzsza.sk\/docs\/isced2\/UO_NBV_7.doc\" rel=\"noopener\">u\u010debn\u00e9 osnovy<\/a><\/div><\/td><td><div class=\"softmerge-inner\" style=\"width:97px;left:-1px\"><a target=\"_blank\" href=\"https:\/\/www.sukrzsza.sk\/docs\/isced2\/UO_NBV_8.doc\" rel=\"noopener\">u\u010debn\u00e9 osnovy<\/a><\/div><\/td><td><a target=\"_blank\" href=\"https:\/\/www.sukrzsza.sk\/docs\/isced2\/UO_NBV_9.doc\" rel=\"noopener\">u\u010debn\u00e9 osnovy<\/a><\/td>        <\/tr>\n            <tr data-row_id=\"301\" class=\"ninja_table_row_16 nt_row_id_301\">\n            <td>\u010clovek a svet pr\u00e1ce<\/td><td>Technika<\/td><td><div class=\"softmerge-inner\" style=\"width:97px;left:-1px\"><a target=\"_blank\" href=\"https:\/\/www.sukrzsza.sk\/docs\/isced2\/UO_THD_5.doc\" rel=\"noopener\">u\u010debn\u00e9 osnovy<\/a><\/div><\/td><td><div class=\"softmerge-inner\" style=\"width:97px;left:-1px\"><a target=\"_blank\" href=\"https:\/\/www.sukrzsza.sk\/docs\/isced2\/UO_THD_6.docx\" rel=\"noopener\">u\u010debn\u00e9 osnovy<\/a><\/div><\/td><td><div class=\"softmerge-inner\" style=\"width:97px;left:-1px\"><a target=\"_blank\" href=\"https:\/\/www.sukrzsza.sk\/docs\/isced2\/UO_THD_7.docx\" rel=\"noopener\">u\u010debn\u00e9 osnovy<\/a><\/div><\/td><td>\u2013<\/td><td>\u2013<\/td>        <\/tr>\n            <tr data-row_id=\"302\" class=\"ninja_table_row_17 nt_row_id_302\">\n            <td>Umenie a kult\u00fara<\/td><td><div class=\"softmerge-inner\" style=\"width:97px;left:-1px\">Hudobn\u00e1 v\u00fdchova<\/div><\/td><td><div class=\"softmerge-inner\" style=\"width:97px;left:-1px\"><a target=\"_blank\" href=\"https:\/\/www.sukrzsza.sk\/wp-content\/uploads\/2025\/10\/UO-HUV-5-UO-HUV-5.docx\" rel=\"noopener\">u\u010debn\u00e9 osnovy<\/a><\/div><\/td><td><div class=\"softmerge-inner\" style=\"width:97px;left:-1px\"><a target=\"_blank\" href=\"https:\/\/www.sukrzsza.sk\/wp-content\/uploads\/2025\/10\/UO-HUV-6-UO-HUV-6.docx\" rel=\"noopener\">u\u010debn\u00e9 osnovy<\/a><\/div><\/td><td><div class=\"softmerge-inner\" style=\"width:97px;left:-1px\"><a target=\"_blank\" href=\"https:\/\/www.sukrzsza.sk\/wp-content\/uploads\/2025\/10\/UO-HUV-7-UO-HUV-7.docx\" rel=\"noopener\">u\u010debn\u00e9 osnovy<\/a><\/div><\/td><td><div class=\"softmerge-inner\" style=\"width:97px;left:-1px\"><a target=\"_blank\" href=\"https:\/\/www.sukrzsza.sk\/wp-content\/uploads\/2025\/10\/UO-HUV-8-UO-HUV-8.docx\" rel=\"noopener\">u\u010debn\u00e9 osnovy<\/a><\/div><\/td><td>\u2013<\/td>        <\/tr>\n            <tr data-row_id=\"303\" class=\"ninja_table_row_18 nt_row_id_303\">\n            <td><\/td><td><div class=\"softmerge-inner\" style=\"width:97px;left:-1px\">V\u00fdtvarn\u00e1 v\u00fdchova<\/div><\/td><td><div class=\"softmerge-inner\" style=\"width:97px;left:-1px\"><a target=\"_blank\" href=\"https:\/\/www.sukrzsza.sk\/docs\/isced2\/UO_VYV_5.doc\" rel=\"noopener\">u\u010debn\u00e9 osnovy<\/a><\/div><\/td><td><div class=\"softmerge-inner\" style=\"width:97px;left:-1px\"><a target=\"_blank\" href=\"https:\/\/www.sukrzsza.sk\/docs\/isced2\/UO_VYV_6.docx\" rel=\"noopener\">u\u010debn\u00e9 osnovy<\/a><\/div><\/td><td><div class=\"softmerge-inner\" style=\"width:97px;left:-1px\"><a target=\"_blank\" href=\"https:\/\/www.sukrzsza.sk\/docs\/isced2\/UO_VYV_7.doc\" rel=\"noopener\">u\u010debn\u00e9 osnovy<\/a><\/div><\/td><td><div class=\"softmerge-inner\" style=\"width:97px;left:-1px\"><a target=\"_blank\" href=\"https:\/\/www.sukrzsza.sk\/docs\/isced2\/UO_VYV_8.doc\" rel=\"noopener\">u\u010debn\u00e9 osnovy<\/a><\/div><\/td><td><a target=\"_blank\" href=\"https:\/\/www.sukrzsza.sk\/docs\/isced2\/UO_VYV_9.doc\" rel=\"noopener\">u\u010debn\u00e9 osnovy<\/a><\/td>        <\/tr>\n            <tr data-row_id=\"304\" class=\"ninja_table_row_19 nt_row_id_304\">\n            <td>Zdravie a pohyb<\/td><td><div class=\"softmerge-inner\" style=\"width:97px;left:-1px\">Telesn\u00e1 a \u0161portov\u00e1 v\u00fdchova<\/div><\/td><td><div class=\"softmerge-inner\" style=\"width:97px;left:-1px\"><a target=\"_blank\" href=\"https:\/\/www.sukrzsza.sk\/docs\/isced2\/UO_TSV_5.docx\" rel=\"noopener\">u\u010debn\u00e9 osnovy<\/a><\/div><\/td><td><div class=\"softmerge-inner\" style=\"width:97px;left:-1px\"><a target=\"_blank\" href=\"https:\/\/www.sukrzsza.sk\/docs\/isced2\/UO_TSV_6.doc\" rel=\"noopener\">u\u010debn\u00e9 osnovy<\/a><\/div><\/td><td><div class=\"softmerge-inner\" style=\"width:97px;left:-1px\"><a target=\"_blank\" href=\"https:\/\/www.sukrzsza.sk\/docs\/isced2\/UO_TSV_7.doc\" rel=\"noopener\">u\u010debn\u00e9 osnovy<\/a><\/div><\/td><td><div class=\"softmerge-inner\" style=\"width:97px;left:-1px\"><a target=\"_blank\" href=\"https:\/\/www.sukrzsza.sk\/docs\/isced2\/UO_TSV_8.doc\" rel=\"noopener\">u\u010debn\u00e9 osnovy<\/a><\/div><\/td><td><a target=\"_blank\" href=\"https:\/\/www.sukrzsza.sk\/docs\/isced2\/UO_TSV_9.doc\" rel=\"noopener\">u\u010debn\u00e9 osnovy<\/a><\/td>        <\/tr>\n    <\/tbody><!--ninja_tobody_rendering_done-->\n    <\/table>\n    \n    \n    \n<\/div>\n\n","protected":false},"excerpt":{"rendered":"<p>Curriculum for 5. &#8211; 9. grade<\/p>\n","protected":false},"author":1,"featured_media":0,"parent":41381,"menu_order":0,"comment_status":"closed","ping_status":"closed","template":"","meta":{"_seopress_robots_primary_cat":"","_seopress_titles_title":"%%post_title%%%%%page%%%%%sep%% Private primary school, Oravsk\u00e1 cesta 11, \u017dilina","_seopress_titles_desc":"","_seopress_robots_index":"","rs_blank_template":"","rs_page_bg_color":"","slide_template_v7":"","footnotes":""},"class_list":["post-41282","page","type-page","status-publish","hentry","odd"],"_links":{"self":[{"href":"https:\/\/www.sukrzsza.sk\/en\/wp-json\/wp\/v2\/pages\/41282","targetHints":{"allow":["GET"]}}],"collection":[{"href":"https:\/\/www.sukrzsza.sk\/en\/wp-json\/wp\/v2\/pages"}],"about":[{"href":"https:\/\/www.sukrzsza.sk\/en\/wp-json\/wp\/v2\/types\/page"}],"author":[{"embeddable":true,"href":"https:\/\/www.sukrzsza.sk\/en\/wp-json\/wp\/v2\/users\/1"}],"replies":[{"embeddable":true,"href":"https:\/\/www.sukrzsza.sk\/en\/wp-json\/wp\/v2\/comments?post=41282"}],"version-history":[{"count":0,"href":"https:\/\/www.sukrzsza.sk\/en\/wp-json\/wp\/v2\/pages\/41282\/revisions"}],"up":[{"embeddable":true,"href":"https:\/\/www.sukrzsza.sk\/en\/wp-json\/wp\/v2\/pages\/41381"}],"wp:attachment":[{"href":"https:\/\/www.sukrzsza.sk\/en\/wp-json\/wp\/v2\/media?parent=41282"}],"curies":[{"name":"wp","href":"https:\/\/api.w.org\/{rel}","templated":true}]}}