{"id":41277,"date":"2023-03-15T15:40:27","date_gmt":"2023-03-15T14:40:27","guid":{"rendered":"https:\/\/www.sukrzsza.sk\/school\/job-offers\/"},"modified":"2024-02-01T17:43:26","modified_gmt":"2024-02-01T16:43:26","slug":"job-offers","status":"publish","type":"page","link":"https:\/\/www.sukrzsza.sk\/en\/school\/job-offers\/","title":{"rendered":"Job offers"},"content":{"rendered":"\t\t<div data-elementor-type=\"wp-page\" data-elementor-id=\"41277\" class=\"elementor elementor-41277 elementor-326\" data-elementor-post-type=\"page\">\n\t\t\t\t\t\t<section class=\"elementor-section elementor-top-section elementor-element elementor-element-ab2917e elementor-section-boxed elementor-section-height-default elementor-section-height-default\" data-id=\"ab2917e\" data-element_type=\"section\" data-e-type=\"section\">\n\t\t\t\t\t\t<div class=\"elementor-container elementor-column-gap-default\">\n\t\t\t\t\t<div class=\"elementor-column elementor-col-100 elementor-top-column elementor-element elementor-element-df50f66\" data-id=\"df50f66\" data-element_type=\"column\" data-e-type=\"column\">\n\t\t\t<div class=\"elementor-widget-wrap elementor-element-populated\">\n\t\t\t\t\t\t<div class=\"elementor-element elementor-element-64d9db8 elementor-widget elementor-widget-heading\" data-id=\"64d9db8\" data-element_type=\"widget\" data-e-type=\"widget\" data-widget_type=\"heading.default\">\n\t\t\t\t<div class=\"elementor-widget-container\">\n\t\t\t\t\t<h2 class=\"elementor-heading-title elementor-size-default\">Job offers<\/h2>\t\t\t\t<\/div>\n\t\t\t\t<\/div>\n\t\t\t\t\t<\/div>\n\t\t<\/div>\n\t\t\t\t\t<\/div>\n\t\t<\/section>\n\t\t\t\t<section class=\"elementor-section elementor-top-section elementor-element elementor-element-2af8d46 elementor-section-boxed elementor-section-height-default elementor-section-height-default\" data-id=\"2af8d46\" data-element_type=\"section\" data-e-type=\"section\">\n\t\t\t\t\t\t<div class=\"elementor-container elementor-column-gap-default\">\n\t\t\t\t\t<div class=\"elementor-column elementor-col-100 elementor-top-column elementor-element elementor-element-49fa1ee5\" data-id=\"49fa1ee5\" data-element_type=\"column\" data-e-type=\"column\">\n\t\t\t<div class=\"elementor-widget-wrap elementor-element-populated\">\n\t\t\t\t\t\t<div class=\"elementor-element elementor-element-79b9f090 elementor-widget elementor-widget-text-editor\" data-id=\"79b9f090\" data-element_type=\"widget\" data-e-type=\"widget\" data-widget_type=\"text-editor.default\">\n\t\t\t\t<div class=\"elementor-widget-container\">\n\t\t\t\t\t\t\t\t\t<p>A private primary school offers the following vacancies:<\/p>\n<blockquote>\n<p><strong><a href=\"https:\/\/www.edujobs.sk\/praca?schools=5963\" target=\"_blank\" rel=\"noopener\"><em>all our vacancies can be found on EduJobs.sk<\/em><\/a><\/strong><\/p>\n<\/blockquote>\n<p>If you are interested in working at our school, please contact us:<\/p>\n<ul>\n<li>Phone: <a href=\"tel:+421415683006\">+421 41 568 3006<\/a><\/li>\n<li>mobile: <a href=\"tel:+421910558330\">+421 910 558 330<\/a> (Mgr. Zuzana Ga\u0161par\u00edkov\u00e1, school director)<\/li>\n<li>mobile: <a href=\"tel:+421911804408\">+421 911 558 335<\/a> (Mgr. Lenka Tvrd\u00e1, deputy director of the school)<\/li>\n<li>mail: <a href=\"mailto:sukrzsza@sukrzsza.sk\">sukrzsza@sukrzsza.sk<\/a><\/li>\n<\/ul>\n\t\t\t\t\t\t\t\t<\/div>\n\t\t\t\t<\/div>\n\t\t\t\t\t<\/div>\n\t\t<\/div>\n\t\t\t\t\t<\/div>\n\t\t<\/section>\n\t\t\t\t<\/div>\n\t\t","protected":false},"excerpt":{"rendered":"<p>Job offers A private primary school offers the following vacancies: all our vacancies can be found on EduJobs.sk If you are interested in working at our school, please contact us: Phone: +421 41 568 3006 mobile: +421 910 558 330 (Mgr. Zuzana Ga\u0161par\u00edkov\u00e1, school director)&nbsp;<a href=\"https:\/\/www.sukrzsza.sk\/en\/school\/job-offers\/\">&hellip;<\/a><\/p>\n","protected":false},"author":1,"featured_media":0,"parent":41263,"menu_order":0,"comment_status":"closed","ping_status":"closed","template":"","meta":{"_seopress_robots_primary_cat":"","_seopress_titles_title":"%%post_title%% %%page%% %%sep%% Private primary school, Oravsk\u00e1 cesta 11, \u017dilina","_seopress_titles_desc":"","_seopress_robots_index":"","rs_blank_template":"","rs_page_bg_color":"","slide_template_v7":"","footnotes":""},"class_list":["post-41277","page","type-page","status-publish","hentry","odd"],"_links":{"self":[{"href":"https:\/\/www.sukrzsza.sk\/en\/wp-json\/wp\/v2\/pages\/41277","targetHints":{"allow":["GET"]}}],"collection":[{"href":"https:\/\/www.sukrzsza.sk\/en\/wp-json\/wp\/v2\/pages"}],"about":[{"href":"https:\/\/www.sukrzsza.sk\/en\/wp-json\/wp\/v2\/types\/page"}],"author":[{"embeddable":true,"href":"https:\/\/www.sukrzsza.sk\/en\/wp-json\/wp\/v2\/users\/1"}],"replies":[{"embeddable":true,"href":"https:\/\/www.sukrzsza.sk\/en\/wp-json\/wp\/v2\/comments?post=41277"}],"version-history":[{"count":0,"href":"https:\/\/www.sukrzsza.sk\/en\/wp-json\/wp\/v2\/pages\/41277\/revisions"}],"up":[{"embeddable":true,"href":"https:\/\/www.sukrzsza.sk\/en\/wp-json\/wp\/v2\/pages\/41263"}],"wp:attachment":[{"href":"https:\/\/www.sukrzsza.sk\/en\/wp-json\/wp\/v2\/media?parent=41277"}],"curies":[{"name":"wp","href":"https:\/\/api.w.org\/{rel}","templated":true}]}}