{"id":41263,"date":"2023-03-15T15:40:25","date_gmt":"2023-03-15T14:40:25","guid":{"rendered":"https:\/\/www.sukrzsza.sk\/school\/"},"modified":"2023-03-15T15:40:31","modified_gmt":"2023-03-15T14:40:31","slug":"school","status":"publish","type":"page","link":"https:\/\/www.sukrzsza.sk\/en\/school\/","title":{"rendered":"School"},"content":{"rendered":"\n<!-- Page-list plugin v.5.9 wordpress.org\/plugins\/page-list\/ -->\n<div class=\"page-list page-list-ext \">\n<div class=\"page-list-ext-item\"><h3 class=\"page-list-ext-title\"><a href=\"https:\/\/www.sukrzsza.sk\/en\/school\/said-about-our-school\/\" title=\"... said about our school\">... said about our school<\/a><\/h3><div class=\"page-list-ext-item-content\">They said about our school \t\t\t\t\n\t\t\t\t\t\t\t\n\t\t\t\t\t\t\t\t\t\tMgr. Karin Hoffmanformer parent \t\t\t\t\t\t\t\t\t\n\t\t\t\t\t\tToday's fast-paced world - demanding high professionalism, is full of stress and full of tension. Every working day we give 100% performance to make our...<\/div><\/div>\n<div class=\"page-list-ext-item\"><h3 class=\"page-list-ext-title\"><a href=\"https:\/\/www.sukrzsza.sk\/en\/school\/basic-data\/\" title=\"Basic data\">Basic data<\/a><\/h3><div class=\"page-list-ext-item-content\">Characteristics and profile of the school  \nPrivate primary school Oravsk\u00e1 cesta 11 \u017dilina is a private educational institution, the only multicultural school in the \u017dilina region.   SZ\u0160 provides primary and lower secondary education for children fro...<\/div><\/div>\n<div class=\"page-list-ext-item\"><h3 class=\"page-list-ext-title\"><a href=\"https:\/\/www.sukrzsza.sk\/en\/school\/donate-2-of-your-taxes-to-our-school\/\" title=\"Donate 2% of your taxes to our school\">Donate 2% of your taxes to our school<\/a><\/h3><div class=\"page-list-ext-item-content\">Donate 2% - 3% of your taxes to our school \t\t\t\t\n\t\tDear parents, help us to improve the educational process at school by donating 2% - 3%  of your tax!  The law allows you to donate 2% - 3% of your income taxes to a non-profit organization. This donation...<\/div><\/div>\n<div class=\"page-list-ext-item\"><h3 class=\"page-list-ext-title\"><a href=\"https:\/\/www.sukrzsza.sk\/en\/school\/education-allowance\/\" title=\"Education allowance\">Education allowance<\/a><\/h3><div class=\"page-list-ext-item-content\">Education allowance \t\t\t\t\n\t\tThe amount of the education allowance under Art. 3 Contracts for the provision of education at a private primary school are determined annually by the school's founder, taking into account changes in economic conditions nationally....<\/div><\/div>\n<div class=\"page-list-ext-item\"><h3 class=\"page-list-ext-title\"><a href=\"https:\/\/www.sukrzsza.sk\/en\/school\/job-offers\/\" title=\"Job offers\">Job offers<\/a><\/h3><div class=\"page-list-ext-item-content\">Job offers \t\t\n\t\tA private primary school offers the following vacancies: \n\nall our vacancies can be found on EduJobs.sk    \n \nIf you are interested in working at our school, please contact us: \n\nPhone: +421 41 568 3006  \nmobile: +421 910 558 330  (Mgr....<\/div><\/div>\n<div class=\"page-list-ext-item\"><h3 class=\"page-list-ext-title\"><a href=\"https:\/\/www.sukrzsza.sk\/en\/school\/our-experiences\/\" title=\"Our experiences\">Our experiences<\/a><\/h3><div class=\"page-list-ext-item-content\">Our experiences <\/div><\/div>\n<div class=\"page-list-ext-item\"><h3 class=\"page-list-ext-title\"><a href=\"https:\/\/www.sukrzsza.sk\/en\/school\/oz-wisdom-to-the-world\/\" title=\"OZ Wisdom to the world\">OZ Wisdom to the world<\/a><\/h3><div class=\"page-list-ext-item-content\"><\/div><\/div>\n<div class=\"page-list-ext-item\"><h3 class=\"page-list-ext-title\"><a href=\"https:\/\/www.sukrzsza.sk\/en\/school\/\" title=\"Pupil School Council\">Pupil School Council<\/a><\/h3><div class=\"page-list-ext-item-content\">The mission of the Pupil School Council (PSC): \nRepresent and promote the interests of pupils. HRW   \n\n\n \tis an initiative and advisory body that gives pupils the opportunity to influence what happens in the school. \n \tserves as a platform for communication...<\/div><\/div>\n<div class=\"page-list-ext-item\"><h3 class=\"page-list-ext-title\"><a href=\"https:\/\/www.sukrzsza.sk\/en\/school\/pupil-school-council\/\" title=\"Pupils&#039; school parliament\">Pupils&#039; school parliament<\/a><\/h3><div class=\"page-list-ext-item-content\">The mission of the Pupils' School Parliament (PSP): Represent and promote the interests of pupils. HRH  is an initiative and advisory body that gives pupils the opportunity to influence what happens in the school. serves as a platform for communication...<\/div><\/div>\n<div class=\"page-list-ext-item\"><h3 class=\"page-list-ext-title\"><a href=\"https:\/\/www.sukrzsza.sk\/en\/school\/school-council\/\" title=\"School Council\">School Council<\/a><\/h3><div class=\"page-list-ext-item-content\">School Council \t\t\t\t\n\t\tCHAIRWOMAN OF THE SCHOOL COUNCIL  Mgr. Zuzana \u017didek MEMBERS OF THE SCHOOL COUNCIL  Mgr. et Mgr. Lucia Albedinska Mgr. Elena Adam\u00edkov\u00e1 Mgr. Monika B\u00e1lintov\u00e1 Mgr. Zdena Istenkova Monika Bullov\u00e1 - Recorder Ing. Renata Chalupkov\u00e1 Mgr. J...<\/div><\/div>\n<div class=\"page-list-ext-item\"><h3 class=\"page-list-ext-title\"><a href=\"https:\/\/www.sukrzsza.sk\/en\/school\/school-documents\/\" title=\"School documents\">School documents<\/a><\/h3><div class=\"page-list-ext-item-content\">School documents \t\t\t\t\n\t\tDocuments for download On this page you can download various documents. School documents School rules  - valid for this school year ADDENDUM to the school regulations  - desegregation Pedagogical-organisational guidelines  Conceptual...<\/div><\/div>\n<div class=\"page-list-ext-item\"><h3 class=\"page-list-ext-title\"><a href=\"https:\/\/www.sukrzsza.sk\/en\/school\/school-education-programme\/\" title=\"School education programme\">School education programme<\/a><\/h3><div class=\"page-list-ext-item-content\">School education programme \t\t\n\t\tSchool curriculum for primary education  - download  \n\nCurriculum for 1. - 4. grade  \n \nSchool curriculum for lower secondary education  - download  \n\nCurriculum for 5. - 9. grade  \n <\/div><\/div>\n<div class=\"page-list-ext-item\"><h3 class=\"page-list-ext-title\"><a href=\"https:\/\/www.sukrzsza.sk\/en\/school\/school-education-programme\/national-curriculum-for-primary-education\/\" title=\"National curriculum for primary education\">National curriculum for primary education<\/a><\/h3><div class=\"page-list-ext-item-content\">Curriculum for 1. - 4. grade \n<\/div><\/div>\n<div class=\"page-list-ext-item\"><h3 class=\"page-list-ext-title\"><a href=\"https:\/\/www.sukrzsza.sk\/en\/school\/school-education-programme\/state-educational-programme-for-lower-secondary-education\/\" title=\"State educational programme for lower secondary education\">State educational programme for lower secondary education<\/a><\/h3><div class=\"page-list-ext-item-content\">Curriculum for 5. - 9. grade \n<\/div><\/div>\n<div class=\"page-list-ext-item\"><h3 class=\"page-list-ext-title\"><a href=\"https:\/\/www.sukrzsza.sk\/en\/school\/teaching-staff\/\" title=\"Teaching staff\">Teaching staff<\/a><\/h3><div class=\"page-list-ext-item-content\">Teaching staff \t\t\t\t\n\t\t\t\t\tSchool Management \t\t\t\t\n\t\t\t\t\t\t\t\t\t\t\t\t\t\t\t\t\t\t\t\t\t\t\t\t\t\t\t\t\t\t\n\t\t\t\t\tMgr. Zuzana Ga\u0161par\u00edkov\u00e1  \t\t\t\t\n\t\t\t\t\tHEADMISTRESS OF THE SCHOOL \t\t\t\t\n\t\tgasparikova@sukrzsza.sk  \t\t\n\t\t\t\t\t\t\t\t\t\t\t\t\t\t\t\t\t\t\t\t\t\t\t\t\t\t\t\t\t\t\n\t\t\t\t\t  Monika Bullov\u00e1 \t\t\t\t\n\t\t\t\t\tASSISTANT DIR...<\/div><\/div>\n<div class=\"page-list-ext-item\"><h3 class=\"page-list-ext-title\"><a href=\"https:\/\/www.sukrzsza.sk\/en\/school\/teaching-staff\/consultation-hours\/\" title=\"Consultation hours\">Consultation hours<\/a><\/h3><div class=\"page-list-ext-item-content\">Consultation hours \t\t\t\t\n\t\tThe teaching staff of our school informs parents about the following consultation hours. We ask parents to respect them.  Primary teachers arrange individual consultation sessions with parents by appointment. <\/div><\/div>\n<div class=\"page-list-ext-item\"><h3 class=\"page-list-ext-title\"><a href=\"https:\/\/www.sukrzsza.sk\/en\/school\/teaching-staff\/coordinators-at-the-school\/\" title=\"Coordinators at the school\">Coordinators at the school<\/a><\/h3><div class=\"page-list-ext-item-content\">Environmental Education Coordinator \nMgr. Michaela Sabelov\u00e1  \nThe main objective of the work of the Environmental Education Coordinator is to raise the environmental awareness of teachers and pupils, to educate and train pupils to be sensitive and receptive ...<\/div><\/div>\n<div class=\"page-list-ext-item\"><h3 class=\"page-list-ext-title\"><a href=\"https:\/\/www.sukrzsza.sk\/en\/school\/teaching-staff\/educational-counsellor\/\" title=\"Educational counsellor\">Educational counsellor<\/a><\/h3><div class=\"page-list-ext-item-content\">Educational counsellor \nConsultations: Tuesday - 1. lesson, Wednesday - 3. lesson, Thursday 1. class in room 026.\nConsultations can of course be arranged for a different time than the one indicated. Please just contact me by message via Edupage or by...<\/div><\/div>\n<div class=\"page-list-ext-item\"><h3 class=\"page-list-ext-title\"><a href=\"https:\/\/www.sukrzsza.sk\/en\/school\/teaching-staff\/school-psychologist\/\" title=\"School psychologist\">School psychologist<\/a><\/h3><div class=\"page-list-ext-item-content\">School psychologist \nSchool is where children spend a significant part of their day, where they acquire new knowledge and learn new skills. It is important not to forget that school is also a place where their personality develops and a significant part...<\/div><\/div>\n<div class=\"page-list-ext-item\"><h3 class=\"page-list-ext-title\"><a href=\"https:\/\/www.sukrzsza.sk\/en\/school\/teaching-staff\/special-educator\/\" title=\"Special Educator\">Special Educator<\/a><\/h3><div class=\"page-list-ext-item-content\">Special Educator \nConsultations (by appointment, in room 134)\nContact \nMgr. Marcela Chmeliarov\u00e1 \nchmeliarova@sukrzsza.sk \nServices of the school special educator \n\n \tindividual special-education services for pupils \n \tprofessional consultation and advice ...<\/div><\/div>\n\n<\/div>\n","protected":false},"excerpt":{"rendered":"","protected":false},"author":1,"featured_media":0,"parent":0,"menu_order":0,"comment_status":"closed","ping_status":"closed","template":"","meta":{"_seopress_robots_primary_cat":"","_seopress_titles_title":"%%post_title%% %%page%% %%sep%% Private primary school, Oravsk\u00e1 cesta 11, \u017dilina","_seopress_titles_desc":"","_seopress_robots_index":"","rs_blank_template":"","rs_page_bg_color":"","slide_template_v7":"","footnotes":""},"class_list":["post-41263","page","type-page","status-publish","hentry","odd"],"_links":{"self":[{"href":"https:\/\/www.sukrzsza.sk\/en\/wp-json\/wp\/v2\/pages\/41263","targetHints":{"allow":["GET"]}}],"collection":[{"href":"https:\/\/www.sukrzsza.sk\/en\/wp-json\/wp\/v2\/pages"}],"about":[{"href":"https:\/\/www.sukrzsza.sk\/en\/wp-json\/wp\/v2\/types\/page"}],"author":[{"embeddable":true,"href":"https:\/\/www.sukrzsza.sk\/en\/wp-json\/wp\/v2\/users\/1"}],"replies":[{"embeddable":true,"href":"https:\/\/www.sukrzsza.sk\/en\/wp-json\/wp\/v2\/comments?post=41263"}],"version-history":[{"count":0,"href":"https:\/\/www.sukrzsza.sk\/en\/wp-json\/wp\/v2\/pages\/41263\/revisions"}],"wp:attachment":[{"href":"https:\/\/www.sukrzsza.sk\/en\/wp-json\/wp\/v2\/media?parent=41263"}],"curies":[{"name":"wp","href":"https:\/\/api.w.org\/{rel}","templated":true}]}}